{"id":918,"date":"2025-02-01T00:20:48","date_gmt":"2025-01-31T23:20:48","guid":{"rendered":"https:\/\/www.pan1610.at\/Hausschachen\/?page_id=918"},"modified":"2025-02-11T15:40:55","modified_gmt":"2025-02-11T14:40:55","slug":"gutschein-kaufen","status":"publish","type":"page","link":"https:\/\/hausschachen.at\/en\/gutschein-kaufen\/","title":{"rendered":"Buy voucher"},"content":{"rendered":"\t\t<div data-elementor-type=\"wp-page\" data-elementor-id=\"918\" class=\"elementor elementor-918\" data-elementor-post-type=\"page\">\n\t\t\t\t\t\t<section class=\"elementor-section elementor-top-section elementor-element elementor-element-cfb4274 elementor-section-boxed elementor-section-height-default elementor-section-height-default\" data-id=\"cfb4274\" data-element_type=\"section\" data-e-type=\"section\">\n\t\t\t\t\t\t<div class=\"elementor-container elementor-column-gap-default\">\n\t\t\t\t\t<div class=\"elementor-column elementor-col-100 elementor-top-column elementor-element elementor-element-7b98abb\" data-id=\"7b98abb\" data-element_type=\"column\" data-e-type=\"column\">\n\t\t\t<div class=\"elementor-widget-wrap elementor-element-populated\">\n\t\t\t\t\t\t<div class=\"elementor-element elementor-element-dc01e0e elementor-widget elementor-widget-spacer\" data-id=\"dc01e0e\" data-element_type=\"widget\" data-e-type=\"widget\" data-widget_type=\"spacer.default\">\n\t\t\t\t<div class=\"elementor-widget-container\">\n\t\t\t\t\t\t\t<div class=\"elementor-spacer\">\n\t\t\t<div class=\"elementor-spacer-inner\"><\/div>\n\t\t<\/div>\n\t\t\t\t\t\t<\/div>\n\t\t\t\t<\/div>\n\t\t\t\t\t<\/div>\n\t\t<\/div>\n\t\t\t\t\t<\/div>\n\t\t<\/section>\n\t\t\t\t<section class=\"elementor-section elementor-top-section elementor-element elementor-element-b51030c elementor-section-boxed elementor-section-height-default elementor-section-height-default\" data-id=\"b51030c\" data-element_type=\"section\" data-e-type=\"section\">\n\t\t\t\t\t\t<div class=\"elementor-container elementor-column-gap-default\">\n\t\t\t\t\t<div class=\"elementor-column elementor-col-100 elementor-top-column elementor-element elementor-element-502d342\" data-id=\"502d342\" data-element_type=\"column\" data-e-type=\"column\">\n\t\t\t<div class=\"elementor-widget-wrap elementor-element-populated\">\n\t\t\t\t\t\t<div class=\"elementor-element elementor-element-e612e1f elementor-widget elementor-widget-shortcode\" data-id=\"e612e1f\" data-element_type=\"widget\" data-e-type=\"widget\" data-widget_type=\"shortcode.default\">\n\t\t\t\t<div class=\"elementor-widget-container\">\n\t\t\t\t\t\t\t<div class=\"elementor-shortcode\"><div class='fluentform ff-default fluentform_wrapper_4 ffs_custom_wrap'><form data-form_id=\"4\" id=\"fluentform_4\" class=\"frm-fluent-form fluent_form_4 ff-el-form-top ff_form_instance_4_1 ff-form-loading ff_has_stripe_inline fluentform_has_payment ffs_custom\" data-form_instance=\"ff_form_instance_4_1\" method=\"POST\" ><fieldset  style=\"border: none!important;margin: 0!important;padding: 0!important;background-color: transparent!important;box-shadow: none!important;outline: none!important; min-inline-size: 100%;\">\n                    <legend class=\"ff_screen_reader_title\" style=\"display: block; margin: 0!important;padding: 0!important;height: 0!important;text-indent: -999999px;width: 0!important;overflow:hidden;\">Gutschein Online Kaufen<\/legend>        <div\n                style=\"display: none!important; position: absolute!important; transform: translateX(1000%)!important;\"\n                class=\"ff-el-group ff-hpsf-container\"\n        >\n            <div class=\"ff-el-input--label asterisk-right\">\n                <label for=\"ff_4_item_sf\" aria-label=\"Subscribe\">\n                    Subscribe                <\/label>\n            <\/div>\n            <div class=\"ff-el-input--content\">\n                <input type=\"text\"\n                       name=\"item_4__fluent_sf\"\n                       class=\"ff-el-form-control\"\n                       id=\"ff_4_item_sf\"\n                \/>\n            <\/div>\n        <\/div>\n        <input type='hidden' name='__fluent_form_embded_post_id' value='918' \/><input type=\"hidden\" id=\"_fluentform_4_fluentformnonce\" name=\"_fluentform_4_fluentformnonce\" value=\"946b22b0ef\" \/><input type=\"hidden\" name=\"_wp_http_referer\" value=\"\/en\/wp-json\/wp\/v2\/pages\/918\" \/><div class=\"ff-el-group ff-el-section-break  ff_left\" data-name=\"section_break-4_1\" ><h3 class='ff-el-section-title'>Pers\u00f6nliche Daten<\/h3><div class='ff-section_break_desk'><p>F\u00fcr den Gutscheinkauf ist zumindest Vor- und Nachname sowie E-Mailadresse anzugeben.<\/p><\/div><hr \/><\/div><div data-name=\"ff_cn_id_1\"  class='ff-t-container ff-column-container ff_columns_total_1 '><div class='ff-t-cell ff-t-column-1' style='flex-basis: 100%;'><div data-type=\"name-element\" data-name=\"names\" class=\" ff-field_container ff-name-field-wrapper\" ><div class='ff-t-container'><div class='ff-t-cell '><div class='ff-el-group  ff-el-form-top'><div class=\"ff-el-input--label ff-el-is-required asterisk-right\"><label for='ff_4_names_first_name_' id='label_ff_4_names_first_name_' >Vorname<\/label><\/div><div class='ff-el-input--content'><input type=\"text\" name=\"names[first_name]\" id=\"ff_4_names_first_name_\" class=\"ff-el-form-control\" placeholder=\"Vorname\" aria-invalid=\"false\" aria-required=true><\/div><\/div><\/div><div class='ff-t-cell '><div class='ff-el-group  ff-el-form-top'><div class=\"ff-el-input--label ff-el-is-required asterisk-right\"><label for='ff_4_names_last_name_' id='label_ff_4_names_last_name_' >Nachname<\/label><\/div><div class='ff-el-input--content'><input type=\"text\" name=\"names[last_name]\" id=\"ff_4_names_last_name_\" class=\"ff-el-form-control\" placeholder=\"Nachname\" aria-invalid=\"false\" aria-required=true><\/div><\/div><\/div><\/div><\/div><div class='ff-el-group'><div class=\"ff-el-input--label ff-el-is-required asterisk-right\"><label for='ff_4_e_mail' id='label_ff_4_e_mail' aria-label=\"E-Mail\">E-Mail<\/label><\/div><div class='ff-el-input--content'><input type=\"email\" name=\"e_mail\" id=\"ff_4_e_mail\" class=\"ff-el-form-control\" placeholder=\"E-Mail Addresse\" data-name=\"e_mail\"  aria-invalid=\"false\" aria-required=true><\/div><\/div><div class='ff-el-group  ff-custom_html' tabindex='-1' data-name=\"custom_html-4_2\" ><p><strong>Bitte \u00fcberpr\u00fcfen Sie die korrekte Eingabe der E-Mailadresse!<\/strong><\/p><\/div><div class='ff-el-group'><div class=\"ff-el-input--label asterisk-right\"><label for='ff_4_company' id='label_ff_4_company' aria-label=\"Firma\">Firma<\/label><\/div><div class='ff-el-input--content'><input type=\"text\" name=\"company\" class=\"ff-el-form-control\" data-name=\"company\" id=\"ff_4_company\"  aria-invalid=\"false\" aria-required=false><\/div><\/div><\/div><\/div><div class=\"ff-el-group ff-el-section-break  ff_left\" data-name=\"section_break-4_3\" ><h3 class='ff-el-section-title'>Gutscheinbetrag und Zahlung<\/h3><div class='ff-section_break_desk'><p>W\u00e4hlen Sie den gew\u00fcnschten Gutscheinbetrag.<\/p>\n<p>Hinweis: Aktuelle Bankomatkarten mit Debitfunktion k\u00f6nnen f\u00fcr die Zahlung verwendet werden.<\/p><\/div><hr \/><\/div><div data-name=\"ff_cn_id_2\"  class='ff-t-container ff-column-container ff_columns_total_2 '><div class='ff-t-cell ff-t-column-1' style='flex-basis: 30%;'><div class='ff-el-group'><div class=\"ff-el-input--label ff-el-is-required asterisk-right\"><label   aria-label=\"Gutscheinwert\">Gutscheinwert<\/label><\/div><div class='ff-el-input--content'><select name=\"voucher_amount\" class=\"ff-el-form-control ff_payment_item\" data-payment_item=\"yes\" data-name=\"voucher_amount\" id=\"voucher_amount_75f263b2ae760e92d2db2e2f824e7b38\" ><option value=\"\u20ac 20,-\" data-payment_value=\"20\" data-calc_value=\"20\" selected=\"1\" >\u20ac 20,-<\/option><option value=\"\u20ac 50,-\" data-payment_value=\"50\" data-calc_value=\"50\" >\u20ac 50,-<\/option><option value=\"\u20ac 75,-\" data-payment_value=\"75\" data-calc_value=\"75\" >\u20ac 75,-<\/option><option value=\"\u20ac 100,-\" data-payment_value=\"100\" data-calc_value=\"100\" >\u20ac 100,-<\/option><option value=\"\u20ac 125,-\" data-payment_value=\"125\" data-calc_value=\"125\" >\u20ac 125,-<\/option><option value=\"\u20ac 150,-\" data-payment_value=\"150\" data-calc_value=\"150\" >\u20ac 150,-<\/option><\/select><\/div><\/div><\/div><div class='ff-t-cell ff-t-column-2' style='flex-basis: 70%;'><div class='ff-el-group'><div class='ff-el-input--content'><input name=\"payment_method\" type=\"hidden\" value=\"stripe\" data-name=\"payment_method\" class=\"ff-el-form-check-input ff_payment_method ff_selected_payment_method\" ><div class=\"stripe-inline-wrapper ff_pay_inline ff_pay_inline_stripe\" style=\"display: block\"><div class=\"ff-el-input--label\"><label for=\"payment_method_4_1_stripe_inline\">Bezahlen mit Kredit- oder Debitkarte (Stripe)<\/label><\/div><div name=\"stripe_card_element\" class=\"ff_stripe_card_element ff-el-form-control\" data-wpf_payment_method=\"stripe\" id=\"payment_method_4_1_stripe_inline\" data-checkout_style=\"embedded_form\" ><\/div><div class=\"ff_card-errors text-danger\" role=\"alert\"><\/div><\/div><\/div><\/div><div class='ff-el-group    ff-el-input--content'><div class='ff-el-form-check ff-el-tc'><label aria-label='Terms and Conditions: Ich bin damit einverstanden, dass die Hausschachen GmbH meine eingereichten Daten f\u00fcr den Bezahlvorgang speichert und daf\u00fcr auch an den Zahlungsanbieter Stripe weiterleitet. Weitere Informationen finden Sie in unserer Datenschutzerkl\u00e4rung. Contains 2 links. Use tab navigation to review.' class='ff-el-form-check-label ff_tc_label' for=dsgvo_e4f6b311fa2af40b7b455671782c63b6><span class='ff_tc_checkbox'><input type=\"checkbox\" name=\"dsgvo\" class=\"ff-el-form-check-input ff_gdpr_field\" data-name=\"dsgvo\" id=\"dsgvo_e4f6b311fa2af40b7b455671782c63b6\"  value='on' aria-invalid='false' aria-required=true><\/span> <div class='ff_t_c'>Ich bin damit einverstanden, dass die Hausschachen GmbH meine eingereichten Daten f\u00fcr den Bezahlvorgang speichert und daf\u00fcr auch an den Zahlungsanbieter <a rel=\"noopener\" href=\"https:\/\/stripe.com\/at\" target=\"_blank\">Stripe<\/a> weiterleitet. Weitere Informationen finden Sie in unserer <a rel=\"noopener\" href=\"\/datenschutz\/\" target=\"_blank\">Datenschutzerkl\u00e4rung<\/a>.<\/div><\/label><\/div><\/div><\/div><\/div><div class='ff-el-group  ff-custom_html' tabindex='-1' data-name=\"custom_html-4_4\" ><ul>\n<li><strong>Gutscheine k\u00f6nnen nicht in Bar abgel\u00f6st werden!<\/strong><\/li>\n<li><strong>Vor Einl\u00f6sung eines Gutscheins ist dies im Vorhinein bekannt zu geben!<\/strong><\/li>\n<li>Der Gutschein ist sowohl im Golfclub als auch im Restaurant und Hotel einl\u00f6sbar.<\/li>\n<\/ul><\/div><div class='ff-el-group ff-text-left ff_submit_btn_wrapper'><button type=\"submit\" class=\"ff-btn ff-btn-submit ff-btn-md ff_btn_style\"  aria-label=\"Gutschein Kaufen\">Gutschein Kaufen<\/button><\/div><\/fieldset><\/form><div id='fluentform_4_errors' class='ff-errors-in-stack ff_form_instance_4_1 ff-form-loading_errors ff_form_instance_4_1_errors'><\/div><\/div>            <script type=\"text\/javascript\">\n                window.fluent_form_ff_form_instance_4_1 = {\"id\":\"4\",\"ajaxUrl\":\"https:\\\/\\\/hausschachen.at\\\/wp-admin\\\/admin-ajax.php\",\"settings\":{\"layout\":{\"labelPlacement\":\"top\",\"helpMessagePlacement\":\"with_label\",\"errorMessagePlacement\":\"inline\"},\"restrictions\":{\"denyEmptySubmission\":{\"enabled\":false}}},\"form_instance\":\"ff_form_instance_4_1\",\"form_id_selector\":\"fluentform_4\",\"rules\":{\"names[first_name]\":{\"required\":{\"value\":true,\"message\":\"Dieses Feld ist erforderlich\",\"global\":false,\"global_message\":\"Dieses Feld ist erforderlich\"}},\"names[middle_name]\":{\"required\":{\"value\":false,\"message\":\"Dieses Feld ist erforderlich\",\"global\":false,\"global_message\":\"Dieses Feld ist erforderlich\"}},\"names[last_name]\":{\"required\":{\"value\":true,\"message\":\"Dieses Feld ist erforderlich\",\"global\":false,\"global_message\":\"Dieses Feld ist erforderlich\"}},\"e_mail\":{\"required\":{\"value\":true,\"message\":\"E-Mail Adresse wird f\\u00fcr die Zustellung des Gutscheins ben\\u00f6tigt!\",\"global\":false,\"global_message\":\"Dieses Feld ist erforderlich\"},\"email\":{\"value\":true,\"message\":\"Dieses Feld muss eine g\\u00fcltige E-Mail-Adresse enthalten\",\"global\":false,\"global_message\":\"Dieses Feld muss eine g\\u00fcltige E-Mail-Adresse enthalten\"}},\"company\":{\"required\":{\"value\":false,\"message\":\"Dieses Feld ist erforderlich\",\"global\":false,\"global_message\":\"Dieses Feld ist erforderlich\"}},\"voucher_amount\":{\"required\":{\"value\":true,\"message\":\"Dieses Feld ist unbedingt erforderlich\",\"global\":false,\"global_message\":\"Dieses Feld ist erforderlich\"}},\"payment_method\":{\"required\":{\"value\":false,\"global\":true,\"message\":\"Dieses Feld ist erforderlich\",\"global_message\":\"Dieses Feld ist erforderlich\"}},\"dsgvo\":{\"required\":{\"value\":true,\"message\":\"Dieses Feld ist erforderlich\",\"global\":false,\"global_message\":\"Dieses Feld ist erforderlich\"}}},\"debounce_time\":300};\n                            <\/script>\n            <\/div>\n\t\t\t\t\t\t<\/div>\n\t\t\t\t<\/div>\n\t\t\t\t\t<\/div>\n\t\t<\/div>\n\t\t\t\t\t<\/div>\n\t\t<\/section>\n\t\t\t\t<section class=\"elementor-section elementor-top-section elementor-element elementor-element-c94e53a elementor-section-boxed elementor-section-height-default elementor-section-height-default\" data-id=\"c94e53a\" data-element_type=\"section\" data-e-type=\"section\">\n\t\t\t\t\t\t<div class=\"elementor-container elementor-column-gap-default\">\n\t\t\t\t\t<div class=\"elementor-column elementor-col-100 elementor-top-column elementor-element elementor-element-990fed9\" data-id=\"990fed9\" data-element_type=\"column\" data-e-type=\"column\">\n\t\t\t<div class=\"elementor-widget-wrap elementor-element-populated\">\n\t\t\t\t\t\t<div class=\"elementor-element elementor-element-4b80784 elementor-widget elementor-widget-spacer\" data-id=\"4b80784\" data-element_type=\"widget\" data-e-type=\"widget\" data-widget_type=\"spacer.default\">\n\t\t\t\t<div class=\"elementor-widget-container\">\n\t\t\t\t\t\t\t<div class=\"elementor-spacer\">\n\t\t\t<div class=\"elementor-spacer-inner\"><\/div>\n\t\t<\/div>\n\t\t\t\t\t\t<\/div>\n\t\t\t\t<\/div>\n\t\t\t\t\t<\/div>\n\t\t<\/div>\n\t\t\t\t\t<\/div>\n\t\t<\/section>\n\t\t\t\t<\/div>\n\t\t","protected":false},"excerpt":{"rendered":"","protected":false},"author":1,"featured_media":0,"parent":0,"menu_order":0,"comment_status":"closed","ping_status":"closed","template":"elementor_header_footer","meta":{"footnotes":""},"class_list":["post-918","page","type-page","status-publish","hentry"],"_links":{"self":[{"href":"https:\/\/hausschachen.at\/en\/wp-json\/wp\/v2\/pages\/918","targetHints":{"allow":["GET"]}}],"collection":[{"href":"https:\/\/hausschachen.at\/en\/wp-json\/wp\/v2\/pages"}],"about":[{"href":"https:\/\/hausschachen.at\/en\/wp-json\/wp\/v2\/types\/page"}],"author":[{"embeddable":true,"href":"https:\/\/hausschachen.at\/en\/wp-json\/wp\/v2\/users\/1"}],"replies":[{"embeddable":true,"href":"https:\/\/hausschachen.at\/en\/wp-json\/wp\/v2\/comments?post=918"}],"version-history":[{"count":16,"href":"https:\/\/hausschachen.at\/en\/wp-json\/wp\/v2\/pages\/918\/revisions"}],"predecessor-version":[{"id":1470,"href":"https:\/\/hausschachen.at\/en\/wp-json\/wp\/v2\/pages\/918\/revisions\/1470"}],"wp:attachment":[{"href":"https:\/\/hausschachen.at\/en\/wp-json\/wp\/v2\/media?parent=918"}],"curies":[{"name":"wp","href":"https:\/\/api.w.org\/{rel}","templated":true}]}}