{"id":3954,"date":"2026-03-25T16:12:50","date_gmt":"2026-03-25T15:12:50","guid":{"rendered":"https:\/\/hausschachen.at\/?page_id=3954"},"modified":"2026-03-26T16:26:55","modified_gmt":"2026-03-26T15:26:55","slug":"einsteigerangebot","status":"publish","type":"page","link":"https:\/\/hausschachen.at\/cs_cz\/einsteigerangebot\/","title":{"rendered":"EinsteigerAngebot"},"content":{"rendered":"<div data-elementor-type=\"wp-page\" data-elementor-id=\"3954\" class=\"elementor elementor-3954\" data-elementor-post-type=\"page\">\n\t\t\t\t\t\t<section class=\"elementor-section elementor-top-section elementor-element elementor-element-190a7d42 elementor-section-full_width elementor-section-height-min-height elementor-section-height-default elementor-section-items-middle\" data-id=\"190a7d42\" data-element_type=\"section\" data-e-type=\"section\" data-settings=\"{&quot;background_background&quot;:&quot;classic&quot;}\">\n\t\t\t\t\t\t\t<div class=\"elementor-background-overlay\"><\/div>\n\t\t\t\t\t\t\t<div class=\"elementor-container elementor-column-gap-default\">\n\t\t\t\t\t<div class=\"elementor-column elementor-col-100 elementor-top-column elementor-element elementor-element-6c675481\" data-id=\"6c675481\" data-element_type=\"column\" data-e-type=\"column\">\n\t\t\t<div class=\"elementor-widget-wrap elementor-element-populated\">\n\t\t\t\t\t\t<div class=\"elementor-element elementor-element-3ec72e74 elementor-widget elementor-widget-spacer\" data-id=\"3ec72e74\" data-element_type=\"widget\" data-e-type=\"widget\" data-widget_type=\"spacer.default\">\n\t\t\t\t<div class=\"elementor-widget-container\">\n\t\t\t\t\t\t\t<div class=\"elementor-spacer\">\n\t\t\t<div class=\"elementor-spacer-inner\"><\/div>\n\t\t<\/div>\n\t\t\t\t\t\t<\/div>\n\t\t\t\t<\/div>\n\t\t\t\t<div class=\"elementor-element elementor-element-2fd4ff9f elementor-widget elementor-widget-heading\" data-id=\"2fd4ff9f\" data-element_type=\"widget\" data-e-type=\"widget\" data-widget_type=\"heading.default\">\n\t\t\t\t<div class=\"elementor-widget-container\">\n\t\t\t\t\t<h2 class=\"elementor-heading-title elementor-size-default\">Nab\u00eddka golfu pro za\u010d\u00e1te\u010dn\u00edky<\/h2>\t\t\t\t<\/div>\n\t\t\t\t<\/div>\n\t\t\t\t<div class=\"elementor-element elementor-element-a84a8c1 elementor-widget elementor-widget-heading\" data-id=\"a84a8c1\" data-element_type=\"widget\" data-e-type=\"widget\" data-widget_type=\"heading.default\">\n\t\t\t\t<div class=\"elementor-widget-container\">\n\t\t\t\t\t<h2 class=\"elementor-heading-title elementor-size-default\">Objevte golf\nobjevte pohodu<\/h2>\t\t\t\t<\/div>\n\t\t\t\t<\/div>\n\t\t\t\t<div class=\"elementor-element elementor-element-29805420 elementor-widget elementor-widget-spacer\" data-id=\"29805420\" data-element_type=\"widget\" data-e-type=\"widget\" data-widget_type=\"spacer.default\">\n\t\t\t\t<div class=\"elementor-widget-container\">\n\t\t\t\t\t\t\t<div class=\"elementor-spacer\">\n\t\t\t<div class=\"elementor-spacer-inner\"><\/div>\n\t\t<\/div>\n\t\t\t\t\t\t<\/div>\n\t\t\t\t<\/div>\n\t\t\t\t\t<\/div>\n\t\t<\/div>\n\t\t\t\t\t<\/div>\n\t\t<\/section>\n\t\t\t\t<section class=\"elementor-section elementor-top-section elementor-element elementor-element-1318c4a6 elementor-section-boxed elementor-section-height-default elementor-section-height-default\" data-id=\"1318c4a6\" data-element_type=\"section\" data-e-type=\"section\">\n\t\t\t\t\t\t<div class=\"elementor-container elementor-column-gap-default\">\n\t\t\t\t\t<div class=\"elementor-column elementor-col-100 elementor-top-column elementor-element elementor-element-485576f7\" data-id=\"485576f7\" data-element_type=\"column\" data-e-type=\"column\">\n\t\t\t<div class=\"elementor-widget-wrap elementor-element-populated\">\n\t\t\t\t\t\t<div class=\"elementor-element elementor-element-22c7c588 elementor-widget elementor-widget-spacer\" data-id=\"22c7c588\" data-element_type=\"widget\" data-e-type=\"widget\" data-widget_type=\"spacer.default\">\n\t\t\t\t<div class=\"elementor-widget-container\">\n\t\t\t\t\t\t\t<div class=\"elementor-spacer\">\n\t\t\t<div class=\"elementor-spacer-inner\"><\/div>\n\t\t<\/div>\n\t\t\t\t\t\t<\/div>\n\t\t\t\t<\/div>\n\t\t\t\t<div class=\"elementor-element elementor-element-1c417257 elementor-widget elementor-widget-text-editor\" data-id=\"1c417257\" data-element_type=\"widget\" data-e-type=\"widget\" data-widget_type=\"text-editor.default\">\n\t\t\t\t<div class=\"elementor-widget-container\">\n\t\t\t\t\t\t\t\t\t<p data-start=\"58\" data-end=\"261\">Zaj\u00edm\u00e1 v\u00e1s golf, ale st\u00e1le si nejste jisti?<br \/>S na\u0161\u00ed z\u00e1kladn\u00ed nab\u00eddkou - \u010dlenstv\u00edm v GC Weitra v\u010detn\u011b kurzu klubov\u00e9 licence - m\u016f\u017eete:<\/p>\t\t\t\t\t\t\t\t<\/div>\n\t\t\t\t<\/div>\n\t\t\t\t<div class=\"elementor-element elementor-element-d3ec737 elementor-widget elementor-widget-spacer\" data-id=\"d3ec737\" data-element_type=\"widget\" data-e-type=\"widget\" data-widget_type=\"spacer.default\">\n\t\t\t\t<div class=\"elementor-widget-container\">\n\t\t\t\t\t\t\t<div class=\"elementor-spacer\">\n\t\t\t<div class=\"elementor-spacer-inner\"><\/div>\n\t\t<\/div>\n\t\t\t\t\t\t<\/div>\n\t\t\t\t<\/div>\n\t\t\t\t\t<\/div>\n\t\t<\/div>\n\t\t\t\t\t<\/div>\n\t\t<\/section>\n\t\t\t\t<section class=\"elementor-section elementor-top-section elementor-element elementor-element-33892b8c elementor-section-height-min-height elementor-section-boxed elementor-section-height-default elementor-section-items-middle\" data-id=\"33892b8c\" data-element_type=\"section\" data-e-type=\"section\" data-settings=\"{&quot;background_background&quot;:&quot;classic&quot;}\">\n\t\t\t\t\t\t<div class=\"elementor-container elementor-column-gap-wider\">\n\t\t\t\t\t<div class=\"elementor-column elementor-col-100 elementor-top-column elementor-element elementor-element-3bfed5c5\" data-id=\"3bfed5c5\" data-element_type=\"column\" data-e-type=\"column\">\n\t\t\t<div class=\"elementor-widget-wrap elementor-element-populated\">\n\t\t\t\t\t\t<div class=\"elementor-element elementor-element-384897f0 elementor-widget elementor-widget-text-editor\" data-id=\"384897f0\" data-element_type=\"widget\" data-e-type=\"widget\" data-widget_type=\"text-editor.default\">\n\t\t\t\t<div class=\"elementor-widget-container\">\n\t\t\t\t\t\t\t\t\t<p>Poznejte fascinuj\u00edc\u00ed sport od z\u00e1klad\u016f<\/p><p>Vychutnejte si p\u0159\u00edjemnou atmosf\u00e9ru na\u0161eho z\u00e1zem\u00ed a stravov\u00e1n\u00ed<\/p><p>Neomezen\u00fd a uvoln\u011bn\u00fd po\u017eitek z pohodov\u00e9ho golfu<\/p><p>Kompletn\u00ed bal\u00ed\u010dek ji\u017e od 749,- \u20ac (pln\u00e9 \u010dlenstv\u00ed + licence) na osobu<\/p><p>Tato vstupn\u00ed nab\u00eddka je spojena s pln\u00fdm \u010dlenstv\u00edm na n\u00e1sleduj\u00edc\u00ed rok a plat\u00ed pouze v sez\u00f3n\u011b 2026 do konce srpna.<\/p>\t\t\t\t\t\t\t\t<\/div>\n\t\t\t\t<\/div>\n\t\t\t\t<div class=\"elementor-element elementor-element-2d58a9af elementor-align-center elementor-widget elementor-widget-button\" data-id=\"2d58a9af\" data-element_type=\"widget\" data-e-type=\"widget\" data-widget_type=\"button.default\">\n\t\t\t\t<div class=\"elementor-widget-container\">\n\t\t\t\t\t\t\t\t\t<div class=\"elementor-button-wrapper\">\n\t\t\t\t\t<a class=\"elementor-button elementor-button-link elementor-size-sm\" href=\"mailto:gcweitra@hausschachen.at\">\n\t\t\t\t\t\t<span class=\"elementor-button-content-wrapper\">\n\t\t\t\t\t\t<span class=\"elementor-button-icon\">\n\t\t\t\t<svg aria-hidden=\"true\" class=\"e-font-icon-svg e-fas-chevron-circle-right\" viewbox=\"0 0 512 512\" xmlns=\"http:\/\/www.w3.org\/2000\/svg\"><path d=\"M256 8c137 0 248 111 248 248S393 504 256 504 8 393 8 256 119 8 256 8zm113.9 231L234.4 103.5c-9.4-9.4-24.6-9.4-33.9 0l-17 17c-9.4 9.4-9.4 24.6 0 33.9L285.1 256 183.5 357.6c-9.4 9.4-9.4 24.6 0 33.9l17 17c9.4 9.4 24.6 9.4 33.9 0L369.9 273c9.4-9.4 9.4-24.6 0-34z\"><\/path><\/svg>\t\t\t<\/span>\n\t\t\t\t\t\t\t\t\t<span class=\"elementor-button-text\">Kontaktujte n\u00e1s<\/span>\n\t\t\t\t\t<\/span>\n\t\t\t\t\t<\/a>\n\t\t\t\t<\/div>\n\t\t\t\t\t\t\t\t<\/div>\n\t\t\t\t<\/div>\n\t\t\t\t\t<\/div>\n\t\t<\/div>\n\t\t\t\t\t<\/div>\n\t\t<\/section>\n\t\t\t\t<section class=\"elementor-section elementor-top-section elementor-element elementor-element-724f3ba elementor-section-boxed elementor-section-height-default elementor-section-height-default\" data-id=\"724f3ba\" data-element_type=\"section\" data-e-type=\"section\">\n\t\t\t\t\t\t<div class=\"elementor-container elementor-column-gap-default\">\n\t\t\t\t\t<div class=\"elementor-column elementor-col-100 elementor-top-column elementor-element elementor-element-565be29\" data-id=\"565be29\" data-element_type=\"column\" data-e-type=\"column\">\n\t\t\t<div class=\"elementor-widget-wrap elementor-element-populated\">\n\t\t\t\t\t\t<div class=\"elementor-element elementor-element-66ece90 elementor-widget elementor-widget-spacer\" data-id=\"66ece90\" data-element_type=\"widget\" data-e-type=\"widget\" data-widget_type=\"spacer.default\">\n\t\t\t\t<div class=\"elementor-widget-container\">\n\t\t\t\t\t\t\t<div class=\"elementor-spacer\">\n\t\t\t<div class=\"elementor-spacer-inner\"><\/div>\n\t\t<\/div>\n\t\t\t\t\t\t<\/div>\n\t\t\t\t<\/div>\n\t\t\t\t\t<\/div>\n\t\t<\/div>\n\t\t\t\t\t<\/div>\n\t\t<\/section>\n\t\t\t\t<\/div>","protected":false},"excerpt":{"rendered":"<p>Golf Einsteiger angebot Golf ganz entspannt entdecken Sie interessieren sich f\u00fcr Golf, sind sich aber noch unsicher?Mit unserem Einsteigerangebot \u2013 Mitgliedschaft im GC Weitra inkl. Club-Platzerlaubniskurs \u2013 k\u00f6nnen Sie: Einen faszinierenden Sport von Grund auf kennenlernen Die angenehme Atmosph\u00e4re unserer Anlage und Gastronomie genie\u00dfen Uneingeschr\u00e4nkt und entspannt gem\u00fctliche Golfrunden spielen Komplet Paket ab nur \u20ac [&hellip;]<\/p>\n","protected":false},"author":1,"featured_media":0,"parent":0,"menu_order":0,"comment_status":"closed","ping_status":"closed","template":"elementor_header_footer","meta":{"footnotes":""},"class_list":["post-3954","page","type-page","status-publish","hentry"],"_links":{"self":[{"href":"https:\/\/hausschachen.at\/cs_cz\/wp-json\/wp\/v2\/pages\/3954","targetHints":{"allow":["GET"]}}],"collection":[{"href":"https:\/\/hausschachen.at\/cs_cz\/wp-json\/wp\/v2\/pages"}],"about":[{"href":"https:\/\/hausschachen.at\/cs_cz\/wp-json\/wp\/v2\/types\/page"}],"author":[{"embeddable":true,"href":"https:\/\/hausschachen.at\/cs_cz\/wp-json\/wp\/v2\/users\/1"}],"replies":[{"embeddable":true,"href":"https:\/\/hausschachen.at\/cs_cz\/wp-json\/wp\/v2\/comments?post=3954"}],"version-history":[{"count":11,"href":"https:\/\/hausschachen.at\/cs_cz\/wp-json\/wp\/v2\/pages\/3954\/revisions"}],"predecessor-version":[{"id":3995,"href":"https:\/\/hausschachen.at\/cs_cz\/wp-json\/wp\/v2\/pages\/3954\/revisions\/3995"}],"wp:attachment":[{"href":"https:\/\/hausschachen.at\/cs_cz\/wp-json\/wp\/v2\/media?parent=3954"}],"curies":[{"name":"wp","href":"https:\/\/api.w.org\/{rel}","templated":true}]}}