{"id":2587,"date":"2025-05-06T15:27:40","date_gmt":"2025-05-06T13:27:40","guid":{"rendered":"https:\/\/hausschachen.at\/?page_id=2587"},"modified":"2025-05-06T15:44:46","modified_gmt":"2025-05-06T13:44:46","slug":"greenfee","status":"publish","type":"page","link":"https:\/\/hausschachen.at\/cs_cz\/greenfee\/","title":{"rendered":"Zelen\u00fd poplatek"},"content":{"rendered":"<div data-elementor-type=\"wp-page\" data-elementor-id=\"2587\" class=\"elementor elementor-2587\" data-elementor-post-type=\"page\">\n\t\t\t\t\t\t<section class=\"elementor-section elementor-top-section elementor-element elementor-element-65975981 elementor-section-full_width elementor-section-height-min-height elementor-section-height-default elementor-section-items-middle\" data-id=\"65975981\" data-element_type=\"section\" data-e-type=\"section\" data-settings=\"{&quot;background_background&quot;:&quot;classic&quot;}\">\n\t\t\t\t\t\t\t<div class=\"elementor-background-overlay\"><\/div>\n\t\t\t\t\t\t\t<div class=\"elementor-container elementor-column-gap-default\">\n\t\t\t\t\t<div class=\"elementor-column elementor-col-100 elementor-top-column elementor-element elementor-element-2b06342d\" data-id=\"2b06342d\" data-element_type=\"column\" data-e-type=\"column\">\n\t\t\t<div class=\"elementor-widget-wrap elementor-element-populated\">\n\t\t\t\t\t\t<div class=\"elementor-element elementor-element-243728ee elementor-widget elementor-widget-spacer\" data-id=\"243728ee\" data-element_type=\"widget\" data-e-type=\"widget\" data-widget_type=\"spacer.default\">\n\t\t\t\t<div class=\"elementor-widget-container\">\n\t\t\t\t\t\t\t<div class=\"elementor-spacer\">\n\t\t\t<div class=\"elementor-spacer-inner\"><\/div>\n\t\t<\/div>\n\t\t\t\t\t\t<\/div>\n\t\t\t\t<\/div>\n\t\t\t\t<div class=\"elementor-element elementor-element-79922111 elementor-widget elementor-widget-heading\" data-id=\"79922111\" data-element_type=\"widget\" data-e-type=\"widget\" data-widget_type=\"heading.default\">\n\t\t\t\t<div class=\"elementor-widget-container\">\n\t\t\t\t\t<h2 class=\"elementor-heading-title elementor-size-default\">Z\u00e1\u017eitek z golfu<br> za pevnou cenu<\/h2>\t\t\t\t<\/div>\n\t\t\t\t<\/div>\n\t\t\t\t<div class=\"elementor-element elementor-element-a45aa39 elementor-widget elementor-widget-spacer\" data-id=\"a45aa39\" data-element_type=\"widget\" data-e-type=\"widget\" data-widget_type=\"spacer.default\">\n\t\t\t\t<div class=\"elementor-widget-container\">\n\t\t\t\t\t\t\t<div class=\"elementor-spacer\">\n\t\t\t<div class=\"elementor-spacer-inner\"><\/div>\n\t\t<\/div>\n\t\t\t\t\t\t<\/div>\n\t\t\t\t<\/div>\n\t\t\t\t\t<\/div>\n\t\t<\/div>\n\t\t\t\t\t<\/div>\n\t\t<\/section>\n\t\t\t\t<section class=\"elementor-section elementor-top-section elementor-element elementor-element-461934d6 elementor-section-boxed elementor-section-height-default elementor-section-height-default\" data-id=\"461934d6\" data-element_type=\"section\" data-e-type=\"section\">\n\t\t\t\t\t\t<div class=\"elementor-container elementor-column-gap-default\">\n\t\t\t\t\t<div class=\"elementor-column elementor-col-100 elementor-top-column elementor-element elementor-element-8389366\" data-id=\"8389366\" data-element_type=\"column\" data-e-type=\"column\">\n\t\t\t<div class=\"elementor-widget-wrap elementor-element-populated\">\n\t\t\t\t\t\t<div class=\"elementor-element elementor-element-60439ea1 elementor-widget elementor-widget-spacer\" data-id=\"60439ea1\" data-element_type=\"widget\" data-e-type=\"widget\" data-widget_type=\"spacer.default\">\n\t\t\t\t<div class=\"elementor-widget-container\">\n\t\t\t\t\t\t\t<div class=\"elementor-spacer\">\n\t\t\t<div class=\"elementor-spacer-inner\"><\/div>\n\t\t<\/div>\n\t\t\t\t\t\t<\/div>\n\t\t\t\t<\/div>\n\t\t\t\t<div class=\"elementor-element elementor-element-1382f3b8 elementor-widget elementor-widget-text-editor\" data-id=\"1382f3b8\" data-element_type=\"widget\" data-e-type=\"widget\" data-widget_type=\"text-editor.default\">\n\t\t\t\t<div class=\"elementor-widget-container\">\n\t\t\t\t\t\t\t\t\t<div class=\"xdj266r x11i5rnm xat24cr x1mh8g0r x1vvkbs x126k92a\"><div dir=\"auto\"><strong>NOVINKA: Standardn\u00ed green fee! <\/strong>Od nyn\u011bj\u0161ka s n\u00e1mi mohou denn\u00ed host\u00e9 hr\u00e1t golf od pond\u011bl\u00ed do ned\u011ble. <strong>za pouh\u00fdch 65,- \u20ac <\/strong>U\u017e \u017e\u00e1dn\u00e9 rozd\u00edln\u00e9 ceny - jednodu\u0161e pl\u00e1nujte, hrajte spont\u00e1nn\u011b a u\u017eijte si plnohodnotn\u00fd golfov\u00fd z\u00e1\u017eitek. <strong>Jedna cena. Ka\u017ed\u00fd den. Pln\u00fd po\u017eitek ze hry.<\/strong><\/div><\/div>\t\t\t\t\t\t\t\t<\/div>\n\t\t\t\t<\/div>\n\t\t\t\t<div class=\"elementor-element elementor-element-0c28d56 elementor-widget elementor-widget-text-editor\" data-id=\"0c28d56\" data-element_type=\"widget\" data-e-type=\"widget\" data-widget_type=\"text-editor.default\">\n\t\t\t\t<div class=\"elementor-widget-container\">\n\t\t\t\t\t\t\t\t\t<div class=\"xdj266r x11i5rnm xat24cr x1mh8g0r x1vvkbs x126k92a\"><div dir=\"auto\">* Cena nen\u00ed kombinovateln\u00e1 s voucherem Fairway 2 Hotel - Golf pro 2 osoby<\/div><\/div>\t\t\t\t\t\t\t\t<\/div>\n\t\t\t\t<\/div>\n\t\t\t\t<div class=\"elementor-element elementor-element-4f35dd6f elementor-widget elementor-widget-spacer\" data-id=\"4f35dd6f\" data-element_type=\"widget\" data-e-type=\"widget\" data-widget_type=\"spacer.default\">\n\t\t\t\t<div class=\"elementor-widget-container\">\n\t\t\t\t\t\t\t<div class=\"elementor-spacer\">\n\t\t\t<div class=\"elementor-spacer-inner\"><\/div>\n\t\t<\/div>\n\t\t\t\t\t\t<\/div>\n\t\t\t\t<\/div>\n\t\t\t\t\t<\/div>\n\t\t<\/div>\n\t\t\t\t\t<\/div>\n\t\t<\/section>\n\t\t\t\t<section class=\"elementor-section elementor-top-section elementor-element elementor-element-7ff93953 elementor-section-height-min-height elementor-section-boxed elementor-section-height-default elementor-section-items-middle\" data-id=\"7ff93953\" data-element_type=\"section\" data-e-type=\"section\" data-settings=\"{&quot;background_background&quot;:&quot;classic&quot;}\">\n\t\t\t\t\t\t<div class=\"elementor-container elementor-column-gap-wider\">\n\t\t\t\t\t<div class=\"elementor-column elementor-col-100 elementor-top-column elementor-element elementor-element-7cfa2b30\" data-id=\"7cfa2b30\" data-element_type=\"column\" data-e-type=\"column\">\n\t\t\t<div class=\"elementor-widget-wrap elementor-element-populated\">\n\t\t\t\t\t\t<div class=\"elementor-element elementor-element-56e5b21d elementor-align-justify elementor-widget elementor-widget-button\" data-id=\"56e5b21d\" data-element_type=\"widget\" data-e-type=\"widget\" data-widget_type=\"button.default\">\n\t\t\t\t<div class=\"elementor-widget-container\">\n\t\t\t\t\t\t\t\t\t<div class=\"elementor-button-wrapper\">\n\t\t\t\t\t<a class=\"elementor-button elementor-button-link elementor-size-sm\" href=\"https:\/\/www.golf.at\/golfclubs\/gc-weitra\/316\/\">\n\t\t\t\t\t\t<span class=\"elementor-button-content-wrapper\">\n\t\t\t\t\t\t<span class=\"elementor-button-icon\">\n\t\t\t\t<svg aria-hidden=\"true\" class=\"e-font-icon-svg e-far-calendar-alt\" viewbox=\"0 0 448 512\" xmlns=\"http:\/\/www.w3.org\/2000\/svg\"><path d=\"M148 288h-40c-6.6 0-12-5.4-12-12v-40c0-6.6 5.4-12 12-12h40c6.6 0 12 5.4 12 12v40c0 6.6-5.4 12-12 12zm108-12v-40c0-6.6-5.4-12-12-12h-40c-6.6 0-12 5.4-12 12v40c0 6.6 5.4 12 12 12h40c6.6 0 12-5.4 12-12zm96 0v-40c0-6.6-5.4-12-12-12h-40c-6.6 0-12 5.4-12 12v40c0 6.6 5.4 12 12 12h40c6.6 0 12-5.4 12-12zm-96 96v-40c0-6.6-5.4-12-12-12h-40c-6.6 0-12 5.4-12 12v40c0 6.6 5.4 12 12 12h40c6.6 0 12-5.4 12-12zm-96 0v-40c0-6.6-5.4-12-12-12h-40c-6.6 0-12 5.4-12 12v40c0 6.6 5.4 12 12 12h40c6.6 0 12-5.4 12-12zm192 0v-40c0-6.6-5.4-12-12-12h-40c-6.6 0-12 5.4-12 12v40c0 6.6 5.4 12 12 12h40c6.6 0 12-5.4 12-12zm96-260v352c0 26.5-21.5 48-48 48H48c-26.5 0-48-21.5-48-48V112c0-26.5 21.5-48 48-48h48V12c0-6.6 5.4-12 12-12h40c6.6 0 12 5.4 12 12v52h128V12c0-6.6 5.4-12 12-12h40c6.6 0 12 5.4 12 12v52h48c26.5 0 48 21.5 48 48zm-48 346V160H48v298c0 3.3 2.7 6 6 6h340c3.3 0 6-2.7 6-6z\"><\/path><\/svg>\t\t\t<\/span>\n\t\t\t\t\t\t\t\t\t<span class=\"elementor-button-text\">Rezervujte si \u010das zah\u00e1jen\u00ed<\/span>\n\t\t\t\t\t<\/span>\n\t\t\t\t\t<\/a>\n\t\t\t\t<\/div>\n\t\t\t\t\t\t\t\t<\/div>\n\t\t\t\t<\/div>\n\t\t\t\t<div class=\"elementor-element elementor-element-23f11f3f elementor-align-justify elementor-widget elementor-widget-button\" data-id=\"23f11f3f\" data-element_type=\"widget\" data-e-type=\"widget\" data-widget_type=\"button.default\">\n\t\t\t\t<div class=\"elementor-widget-container\">\n\t\t\t\t\t\t\t\t\t<div class=\"elementor-button-wrapper\">\n\t\t\t\t\t<a class=\"elementor-button elementor-button-link elementor-size-sm\" href=\"mailto:gcweitra@hausschachen.at\">\n\t\t\t\t\t\t<span class=\"elementor-button-content-wrapper\">\n\t\t\t\t\t\t<span class=\"elementor-button-icon\">\n\t\t\t\t<svg aria-hidden=\"true\" class=\"e-font-icon-svg e-fas-envelope\" viewbox=\"0 0 512 512\" xmlns=\"http:\/\/www.w3.org\/2000\/svg\"><path d=\"M502.3 190.8c3.9-3.1 9.7-.2 9.7 4.7V400c0 26.5-21.5 48-48 48H48c-26.5 0-48-21.5-48-48V195.6c0-5 5.7-7.8 9.7-4.7 22.4 17.4 52.1 39.5 154.1 113.6 21.1 15.4 56.7 47.8 92.2 47.6 35.7.3 72-32.8 92.3-47.6 102-74.1 131.6-96.3 154-113.7zM256 320c23.2.4 56.6-29.2 73.4-41.4 132.7-96.3 142.8-104.7 173.4-128.7 5.8-4.5 9.2-11.5 9.2-18.9v-19c0-26.5-21.5-48-48-48H48C21.5 64 0 85.5 0 112v19c0 7.4 3.4 14.3 9.2 18.9 30.6 23.9 40.7 32.4 173.4 128.7 16.8 12.2 50.2 41.8 73.4 41.4z\"><\/path><\/svg>\t\t\t<\/span>\n\t\t\t\t\t\t\t\t\t<span class=\"elementor-button-text\">e-mail<\/span>\n\t\t\t\t\t<\/span>\n\t\t\t\t\t<\/a>\n\t\t\t\t<\/div>\n\t\t\t\t\t\t\t\t<\/div>\n\t\t\t\t<\/div>\n\t\t\t\t<div class=\"elementor-element elementor-element-7c07e57e elementor-align-justify elementor-widget elementor-widget-button\" data-id=\"7c07e57e\" data-element_type=\"widget\" data-e-type=\"widget\" data-widget_type=\"button.default\">\n\t\t\t\t<div class=\"elementor-widget-container\">\n\t\t\t\t\t\t\t\t\t<div class=\"elementor-button-wrapper\">\n\t\t\t\t\t<a class=\"elementor-button elementor-button-link elementor-size-sm\" href=\"tel:+4328562058\">\n\t\t\t\t\t\t<span class=\"elementor-button-content-wrapper\">\n\t\t\t\t\t\t<span class=\"elementor-button-icon\">\n\t\t\t\t<svg aria-hidden=\"true\" class=\"e-font-icon-svg e-fas-phone\" viewbox=\"0 0 512 512\" xmlns=\"http:\/\/www.w3.org\/2000\/svg\"><path d=\"M493.4 24.6l-104-24c-11.3-2.6-22.9 3.3-27.5 13.9l-48 112c-4.2 9.8-1.4 21.3 6.9 28l60.6 49.6c-36 76.7-98.9 140.5-177.2 177.2l-49.6-60.6c-6.8-8.3-18.2-11.1-28-6.9l-112 48C3.9 366.5-2 378.1.6 389.4l24 104C27.1 504.2 36.7 512 48 512c256.1 0 464-207.5 464-464 0-11.2-7.7-20.9-18.6-23.4z\"><\/path><\/svg>\t\t\t<\/span>\n\t\t\t\t\t\t\t\t\t<span class=\"elementor-button-text\">Telefon<\/span>\n\t\t\t\t\t<\/span>\n\t\t\t\t\t<\/a>\n\t\t\t\t<\/div>\n\t\t\t\t\t\t\t\t<\/div>\n\t\t\t\t<\/div>\n\t\t\t\t\t<\/div>\n\t\t<\/div>\n\t\t\t\t\t<\/div>\n\t\t<\/section>\n\t\t\t\t<section class=\"elementor-section elementor-top-section elementor-element elementor-element-42d864db elementor-section-boxed elementor-section-height-default elementor-section-height-default\" data-id=\"42d864db\" data-element_type=\"section\" data-e-type=\"section\">\n\t\t\t\t\t\t<div class=\"elementor-container elementor-column-gap-default\">\n\t\t\t\t\t<div class=\"elementor-column elementor-col-100 elementor-top-column elementor-element elementor-element-6ce91352\" data-id=\"6ce91352\" data-element_type=\"column\" data-e-type=\"column\">\n\t\t\t<div class=\"elementor-widget-wrap elementor-element-populated\">\n\t\t\t\t\t\t<div class=\"elementor-element elementor-element-33747767 elementor-widget elementor-widget-spacer\" data-id=\"33747767\" data-element_type=\"widget\" data-e-type=\"widget\" data-widget_type=\"spacer.default\">\n\t\t\t\t<div class=\"elementor-widget-container\">\n\t\t\t\t\t\t\t<div class=\"elementor-spacer\">\n\t\t\t<div class=\"elementor-spacer-inner\"><\/div>\n\t\t<\/div>\n\t\t\t\t\t\t<\/div>\n\t\t\t\t<\/div>\n\t\t\t\t<div class=\"elementor-element elementor-element-43c1032d elementor-widget elementor-widget-text-editor\" data-id=\"43c1032d\" data-element_type=\"widget\" data-e-type=\"widget\" data-widget_type=\"text-editor.default\">\n\t\t\t\t<div class=\"elementor-widget-container\">\n\t\t\t\t\t\t\t\t\t<p class=\"p1\">Jedna cena za v\u0161echny dny - t\u011b\u0161\u00edme se na pohodov\u00e9 golfov\u00e9 dny s v\u00e1mi!<\/p>\t\t\t\t\t\t\t\t<\/div>\n\t\t\t\t<\/div>\n\t\t\t\t<div class=\"elementor-element elementor-element-5b02b412 elementor-widget elementor-widget-spacer\" data-id=\"5b02b412\" data-element_type=\"widget\" data-e-type=\"widget\" data-widget_type=\"spacer.default\">\n\t\t\t\t<div class=\"elementor-widget-container\">\n\t\t\t\t\t\t\t<div class=\"elementor-spacer\">\n\t\t\t<div class=\"elementor-spacer-inner\"><\/div>\n\t\t<\/div>\n\t\t\t\t\t\t<\/div>\n\t\t\t\t<\/div>\n\t\t\t\t\t<\/div>\n\t\t<\/div>\n\t\t\t\t\t<\/div>\n\t\t<\/section>\n\t\t\t\t<section class=\"elementor-section elementor-top-section elementor-element elementor-element-54e98a29 elementor-section-full_width elementor-section-height-default elementor-section-height-default\" data-id=\"54e98a29\" data-element_type=\"section\" data-e-type=\"section\">\n\t\t\t\t\t\t<div class=\"elementor-container elementor-column-gap-default\">\n\t\t\t\t\t<div class=\"elementor-column elementor-col-100 elementor-top-column elementor-element elementor-element-242aaae5\" data-id=\"242aaae5\" data-element_type=\"column\" data-e-type=\"column\">\n\t\t\t<div class=\"elementor-widget-wrap elementor-element-populated\">\n\t\t\t\t\t\t<div class=\"elementor-element elementor-element-575741a0 elementor-widget-divider--view-line elementor-widget elementor-widget-divider\" data-id=\"575741a0\" data-element_type=\"widget\" data-e-type=\"widget\" data-widget_type=\"divider.default\">\n\t\t\t\t<div class=\"elementor-widget-container\">\n\t\t\t\t\t\t\t<div class=\"elementor-divider\">\n\t\t\t<span class=\"elementor-divider-separator\">\n\t\t\t\t\t\t<\/span>\n\t\t<\/div>\n\t\t\t\t\t\t<\/div>\n\t\t\t\t<\/div>\n\t\t\t\t\t<\/div>\n\t\t<\/div>\n\t\t\t\t\t<\/div>\n\t\t<\/section>\n\t\t\t\t<section class=\"elementor-section elementor-top-section elementor-element elementor-element-67f413a5 elementor-section-height-min-height elementor-section-boxed elementor-section-height-default elementor-section-items-middle\" data-id=\"67f413a5\" data-element_type=\"section\" data-e-type=\"section\">\n\t\t\t\t\t\t<div class=\"elementor-container elementor-column-gap-wide\">\n\t\t\t\t\t<div class=\"elementor-column elementor-col-20 elementor-top-column elementor-element elementor-element-329a3521\" data-id=\"329a3521\" data-element_type=\"column\" data-e-type=\"column\">\n\t\t\t<div class=\"elementor-widget-wrap elementor-element-populated\">\n\t\t\t\t\t\t<div class=\"elementor-element elementor-element-1d34e39d elementor-widget elementor-widget-image\" data-id=\"1d34e39d\" data-element_type=\"widget\" data-e-type=\"widget\" data-widget_type=\"image.default\">\n\t\t\t\t<div class=\"elementor-widget-container\">\n\t\t\t\t\t\t\t\t\t\t\t\t\t\t\t<img fetchpriority=\"high\" decoding=\"async\" width=\"2500\" height=\"2500\" src=\"https:\/\/hausschachen.at\/wp-content\/uploads\/2025\/03\/Hausschachen_Sommerparty_Webankuender.jpg\" class=\"attachment-full size-full wp-image-2263\" alt=\"\" srcset=\"https:\/\/hausschachen.at\/wp-content\/uploads\/2025\/03\/Hausschachen_Sommerparty_Webankuender.jpg 2500w, https:\/\/hausschachen.at\/wp-content\/uploads\/2025\/03\/Hausschachen_Sommerparty_Webankuender-300x300.jpg 300w, https:\/\/hausschachen.at\/wp-content\/uploads\/2025\/03\/Hausschachen_Sommerparty_Webankuender-1024x1024.jpg 1024w, https:\/\/hausschachen.at\/wp-content\/uploads\/2025\/03\/Hausschachen_Sommerparty_Webankuender-150x150.jpg 150w, https:\/\/hausschachen.at\/wp-content\/uploads\/2025\/03\/Hausschachen_Sommerparty_Webankuender-768x768.jpg 768w, https:\/\/hausschachen.at\/wp-content\/uploads\/2025\/03\/Hausschachen_Sommerparty_Webankuender-1536x1536.jpg 1536w, https:\/\/hausschachen.at\/wp-content\/uploads\/2025\/03\/Hausschachen_Sommerparty_Webankuender-2048x2048.jpg 2048w, https:\/\/hausschachen.at\/wp-content\/uploads\/2025\/03\/Hausschachen_Sommerparty_Webankuender-12x12.jpg 12w\" sizes=\"(max-width: 2500px) 100vw, 2500px\" \/>\t\t\t\t\t\t\t\t\t\t\t\t\t\t\t<\/div>\n\t\t\t\t<\/div>\n\t\t\t\t\t<\/div>\n\t\t<\/div>\n\t\t\t\t<div class=\"elementor-column elementor-col-20 elementor-top-column elementor-element elementor-element-4b473206\" data-id=\"4b473206\" data-element_type=\"column\" data-e-type=\"column\">\n\t\t\t<div class=\"elementor-widget-wrap elementor-element-populated\">\n\t\t\t\t\t\t<div class=\"elementor-element elementor-element-22f3529a elementor-widget elementor-widget-image\" data-id=\"22f3529a\" data-element_type=\"widget\" data-e-type=\"widget\" data-widget_type=\"image.default\">\n\t\t\t\t<div class=\"elementor-widget-container\">\n\t\t\t\t\t\t\t\t\t\t\t\t\t\t\t\t<a href=\"https:\/\/hausschachen.at\/cs_cz\/golf-und-wein\/\">\n\t\t\t\t\t\t\t<img decoding=\"async\" width=\"2500\" height=\"2500\" src=\"https:\/\/hausschachen.at\/wp-content\/uploads\/2025\/02\/Hausschachen_GolfundWein_Webankuender.jpg\" class=\"attachment-full size-full wp-image-1206\" alt=\"\" srcset=\"https:\/\/hausschachen.at\/wp-content\/uploads\/2025\/02\/Hausschachen_GolfundWein_Webankuender.jpg 2500w, https:\/\/hausschachen.at\/wp-content\/uploads\/2025\/02\/Hausschachen_GolfundWein_Webankuender-300x300.jpg 300w, https:\/\/hausschachen.at\/wp-content\/uploads\/2025\/02\/Hausschachen_GolfundWein_Webankuender-1024x1024.jpg 1024w, https:\/\/hausschachen.at\/wp-content\/uploads\/2025\/02\/Hausschachen_GolfundWein_Webankuender-150x150.jpg 150w, https:\/\/hausschachen.at\/wp-content\/uploads\/2025\/02\/Hausschachen_GolfundWein_Webankuender-768x768.jpg 768w, https:\/\/hausschachen.at\/wp-content\/uploads\/2025\/02\/Hausschachen_GolfundWein_Webankuender-1536x1536.jpg 1536w, https:\/\/hausschachen.at\/wp-content\/uploads\/2025\/02\/Hausschachen_GolfundWein_Webankuender-2048x2048.jpg 2048w, https:\/\/hausschachen.at\/wp-content\/uploads\/2025\/02\/Hausschachen_GolfundWein_Webankuender-12x12.jpg 12w\" sizes=\"(max-width: 2500px) 100vw, 2500px\" \/>\t\t\t\t\t\t\t\t<\/a>\n\t\t\t\t\t\t\t\t\t\t\t\t\t\t\t<\/div>\n\t\t\t\t<\/div>\n\t\t\t\t\t<\/div>\n\t\t<\/div>\n\t\t\t\t<div class=\"elementor-column elementor-col-20 elementor-top-column elementor-element elementor-element-63c71fb6\" data-id=\"63c71fb6\" data-element_type=\"column\" data-e-type=\"column\">\n\t\t\t<div class=\"elementor-widget-wrap elementor-element-populated\">\n\t\t\t\t\t\t<div class=\"elementor-element elementor-element-1499c4aa elementor-widget elementor-widget-image\" data-id=\"1499c4aa\" data-element_type=\"widget\" data-e-type=\"widget\" data-widget_type=\"image.default\">\n\t\t\t\t<div class=\"elementor-widget-container\">\n\t\t\t\t\t\t\t\t\t\t\t\t\t\t\t\t<a href=\"https:\/\/hausschachen.at\/cs_cz\/einunterpar\/\">\n\t\t\t\t\t\t\t<img decoding=\"async\" width=\"2500\" height=\"2500\" src=\"https:\/\/hausschachen.at\/wp-content\/uploads\/2025\/02\/Hausschachen_EinUnterPar_Webankuender.jpg\" class=\"attachment-full size-full wp-image-1202\" alt=\"\" srcset=\"https:\/\/hausschachen.at\/wp-content\/uploads\/2025\/02\/Hausschachen_EinUnterPar_Webankuender.jpg 2500w, https:\/\/hausschachen.at\/wp-content\/uploads\/2025\/02\/Hausschachen_EinUnterPar_Webankuender-300x300.jpg 300w, https:\/\/hausschachen.at\/wp-content\/uploads\/2025\/02\/Hausschachen_EinUnterPar_Webankuender-1024x1024.jpg 1024w, https:\/\/hausschachen.at\/wp-content\/uploads\/2025\/02\/Hausschachen_EinUnterPar_Webankuender-150x150.jpg 150w, https:\/\/hausschachen.at\/wp-content\/uploads\/2025\/02\/Hausschachen_EinUnterPar_Webankuender-768x768.jpg 768w, https:\/\/hausschachen.at\/wp-content\/uploads\/2025\/02\/Hausschachen_EinUnterPar_Webankuender-1536x1536.jpg 1536w, https:\/\/hausschachen.at\/wp-content\/uploads\/2025\/02\/Hausschachen_EinUnterPar_Webankuender-2048x2048.jpg 2048w, https:\/\/hausschachen.at\/wp-content\/uploads\/2025\/02\/Hausschachen_EinUnterPar_Webankuender-12x12.jpg 12w\" sizes=\"(max-width: 2500px) 100vw, 2500px\" \/>\t\t\t\t\t\t\t\t<\/a>\n\t\t\t\t\t\t\t\t\t\t\t\t\t\t\t<\/div>\n\t\t\t\t<\/div>\n\t\t\t\t\t<\/div>\n\t\t<\/div>\n\t\t\t\t<div class=\"elementor-column elementor-col-20 elementor-top-column elementor-element elementor-element-335ad41d\" data-id=\"335ad41d\" data-element_type=\"column\" data-e-type=\"column\">\n\t\t\t<div class=\"elementor-widget-wrap elementor-element-populated\">\n\t\t\t\t\t\t<div class=\"elementor-element elementor-element-20c33ba1 elementor-widget elementor-widget-image\" data-id=\"20c33ba1\" data-element_type=\"widget\" data-e-type=\"widget\" data-widget_type=\"image.default\">\n\t\t\t\t<div class=\"elementor-widget-container\">\n\t\t\t\t\t\t\t\t\t\t\t\t\t\t\t\t<a href=\"https:\/\/hausschachen.at\/cs_cz\/golfunlimited\/\">\n\t\t\t\t\t\t\t<img loading=\"lazy\" decoding=\"async\" width=\"2500\" height=\"2500\" src=\"https:\/\/hausschachen.at\/wp-content\/uploads\/2025\/02\/Hausschachen_GolfUnlimited_Webankuender-1.jpg\" class=\"attachment-full size-full wp-image-1191\" alt=\"\" srcset=\"https:\/\/hausschachen.at\/wp-content\/uploads\/2025\/02\/Hausschachen_GolfUnlimited_Webankuender-1.jpg 2500w, https:\/\/hausschachen.at\/wp-content\/uploads\/2025\/02\/Hausschachen_GolfUnlimited_Webankuender-1-300x300.jpg 300w, https:\/\/hausschachen.at\/wp-content\/uploads\/2025\/02\/Hausschachen_GolfUnlimited_Webankuender-1-1024x1024.jpg 1024w, https:\/\/hausschachen.at\/wp-content\/uploads\/2025\/02\/Hausschachen_GolfUnlimited_Webankuender-1-150x150.jpg 150w, https:\/\/hausschachen.at\/wp-content\/uploads\/2025\/02\/Hausschachen_GolfUnlimited_Webankuender-1-768x768.jpg 768w, https:\/\/hausschachen.at\/wp-content\/uploads\/2025\/02\/Hausschachen_GolfUnlimited_Webankuender-1-1536x1536.jpg 1536w, https:\/\/hausschachen.at\/wp-content\/uploads\/2025\/02\/Hausschachen_GolfUnlimited_Webankuender-1-2048x2048.jpg 2048w, https:\/\/hausschachen.at\/wp-content\/uploads\/2025\/02\/Hausschachen_GolfUnlimited_Webankuender-1-12x12.jpg 12w\" sizes=\"(max-width: 2500px) 100vw, 2500px\" \/>\t\t\t\t\t\t\t\t<\/a>\n\t\t\t\t\t\t\t\t\t\t\t\t\t\t\t<\/div>\n\t\t\t\t<\/div>\n\t\t\t\t\t<\/div>\n\t\t<\/div>\n\t\t\t\t<div class=\"elementor-column elementor-col-20 elementor-top-column elementor-element elementor-element-4fbb0d1e\" data-id=\"4fbb0d1e\" data-element_type=\"column\" data-e-type=\"column\">\n\t\t\t<div class=\"elementor-widget-wrap elementor-element-populated\">\n\t\t\t\t\t\t<div class=\"elementor-element elementor-element-77fa5344 elementor-widget elementor-widget-image\" data-id=\"77fa5344\" data-element_type=\"widget\" data-e-type=\"widget\" data-widget_type=\"image.default\">\n\t\t\t\t<div class=\"elementor-widget-container\">\n\t\t\t\t\t\t\t\t\t\t\t\t\t\t\t\t<a href=\"https:\/\/hausschachen.at\/cs_cz\/bikeandmore\/\">\n\t\t\t\t\t\t\t<img loading=\"lazy\" decoding=\"async\" width=\"2500\" height=\"2500\" src=\"https:\/\/hausschachen.at\/wp-content\/uploads\/2025\/02\/Hausschachen_BikeUndMore_Webankuender.jpg\" class=\"attachment-full size-full wp-image-1210\" alt=\"\" srcset=\"https:\/\/hausschachen.at\/wp-content\/uploads\/2025\/02\/Hausschachen_BikeUndMore_Webankuender.jpg 2500w, https:\/\/hausschachen.at\/wp-content\/uploads\/2025\/02\/Hausschachen_BikeUndMore_Webankuender-300x300.jpg 300w, https:\/\/hausschachen.at\/wp-content\/uploads\/2025\/02\/Hausschachen_BikeUndMore_Webankuender-1024x1024.jpg 1024w, https:\/\/hausschachen.at\/wp-content\/uploads\/2025\/02\/Hausschachen_BikeUndMore_Webankuender-150x150.jpg 150w, https:\/\/hausschachen.at\/wp-content\/uploads\/2025\/02\/Hausschachen_BikeUndMore_Webankuender-768x768.jpg 768w, https:\/\/hausschachen.at\/wp-content\/uploads\/2025\/02\/Hausschachen_BikeUndMore_Webankuender-1536x1536.jpg 1536w, https:\/\/hausschachen.at\/wp-content\/uploads\/2025\/02\/Hausschachen_BikeUndMore_Webankuender-2048x2048.jpg 2048w, https:\/\/hausschachen.at\/wp-content\/uploads\/2025\/02\/Hausschachen_BikeUndMore_Webankuender-12x12.jpg 12w\" sizes=\"(max-width: 2500px) 100vw, 2500px\" \/>\t\t\t\t\t\t\t\t<\/a>\n\t\t\t\t\t\t\t\t\t\t\t\t\t\t\t<\/div>\n\t\t\t\t<\/div>\n\t\t\t\t\t<\/div>\n\t\t<\/div>\n\t\t\t\t\t<\/div>\n\t\t<\/section>\n\t\t\t\t<section class=\"elementor-section elementor-top-section elementor-element elementor-element-2cd397ae elementor-section-boxed elementor-section-height-default elementor-section-height-default\" data-id=\"2cd397ae\" data-element_type=\"section\" data-e-type=\"section\">\n\t\t\t\t\t\t<div class=\"elementor-container elementor-column-gap-default\">\n\t\t\t\t\t<div class=\"elementor-column elementor-col-100 elementor-top-column elementor-element elementor-element-71d406c7\" data-id=\"71d406c7\" data-element_type=\"column\" data-e-type=\"column\">\n\t\t\t<div class=\"elementor-widget-wrap elementor-element-populated\">\n\t\t\t\t\t\t<div class=\"elementor-element elementor-element-4e5aa419 elementor-widget elementor-widget-spacer\" data-id=\"4e5aa419\" data-element_type=\"widget\" data-e-type=\"widget\" data-widget_type=\"spacer.default\">\n\t\t\t\t<div class=\"elementor-widget-container\">\n\t\t\t\t\t\t\t<div class=\"elementor-spacer\">\n\t\t\t<div class=\"elementor-spacer-inner\"><\/div>\n\t\t<\/div>\n\t\t\t\t\t\t<\/div>\n\t\t\t\t<\/div>\n\t\t\t\t\t<\/div>\n\t\t<\/div>\n\t\t\t\t\t<\/div>\n\t\t<\/section>\n\t\t\t\t<\/div>","protected":false},"excerpt":{"rendered":"<p>Golfgenuss zum fixpreis NEU: Einheitspreis Greenfee! Ab sofort golfen Tagesg\u00e4ste bei uns von Montag bis Sonntag um nur \u20ac 65,\u2013 Keine unterschiedlichen Preise mehr \u2013 einfach planen, spontan spielen und das volle Golferlebnis genie\u00dfen. Ein Preis. Alle Tage. Volle Freude am Spiel.* Preis nicht kombinierbar mit Gutschein Fairway 2 Hotel &#8211; Golf f\u00fcr 2 Startzeit [&hellip;]<\/p>\n","protected":false},"author":1,"featured_media":0,"parent":0,"menu_order":0,"comment_status":"closed","ping_status":"closed","template":"elementor_header_footer","meta":{"footnotes":""},"class_list":["post-2587","page","type-page","status-publish","hentry"],"_links":{"self":[{"href":"https:\/\/hausschachen.at\/cs_cz\/wp-json\/wp\/v2\/pages\/2587","targetHints":{"allow":["GET"]}}],"collection":[{"href":"https:\/\/hausschachen.at\/cs_cz\/wp-json\/wp\/v2\/pages"}],"about":[{"href":"https:\/\/hausschachen.at\/cs_cz\/wp-json\/wp\/v2\/types\/page"}],"author":[{"embeddable":true,"href":"https:\/\/hausschachen.at\/cs_cz\/wp-json\/wp\/v2\/users\/1"}],"replies":[{"embeddable":true,"href":"https:\/\/hausschachen.at\/cs_cz\/wp-json\/wp\/v2\/comments?post=2587"}],"version-history":[{"count":7,"href":"https:\/\/hausschachen.at\/cs_cz\/wp-json\/wp\/v2\/pages\/2587\/revisions"}],"predecessor-version":[{"id":2596,"href":"https:\/\/hausschachen.at\/cs_cz\/wp-json\/wp\/v2\/pages\/2587\/revisions\/2596"}],"wp:attachment":[{"href":"https:\/\/hausschachen.at\/cs_cz\/wp-json\/wp\/v2\/media?parent=2587"}],"curies":[{"name":"wp","href":"https:\/\/api.w.org\/{rel}","templated":true}]}}