{"id":213,"date":"2024-12-03T16:30:29","date_gmt":"2024-12-03T15:30:29","guid":{"rendered":"https:\/\/www.pan1610.at\/Hausschachen\/?page_id=213"},"modified":"2025-03-04T21:07:30","modified_gmt":"2025-03-04T20:07:30","slug":"impressum","status":"publish","type":"page","link":"https:\/\/hausschachen.at\/cs_cz\/impressum\/","title":{"rendered":"Otisk"},"content":{"rendered":"<div data-elementor-type=\"wp-page\" data-elementor-id=\"213\" class=\"elementor elementor-213\" data-elementor-post-type=\"page\">\n\t\t\t\t\t\t<section class=\"elementor-section elementor-top-section elementor-element elementor-element-5683b051 elementor-section-boxed elementor-section-height-default elementor-section-height-default\" data-id=\"5683b051\" data-element_type=\"section\" data-e-type=\"section\">\n\t\t\t\t\t\t<div class=\"elementor-container elementor-column-gap-default\">\n\t\t\t\t\t<div class=\"elementor-column elementor-col-100 elementor-top-column elementor-element elementor-element-d081ce8\" data-id=\"d081ce8\" data-element_type=\"column\" data-e-type=\"column\">\n\t\t\t<div class=\"elementor-widget-wrap elementor-element-populated\">\n\t\t\t\t\t\t<div class=\"elementor-element elementor-element-1151ab15 elementor-widget elementor-widget-spacer\" data-id=\"1151ab15\" data-element_type=\"widget\" data-e-type=\"widget\" data-widget_type=\"spacer.default\">\n\t\t\t\t<div class=\"elementor-widget-container\">\n\t\t\t\t\t\t\t<div class=\"elementor-spacer\">\n\t\t\t<div class=\"elementor-spacer-inner\"><\/div>\n\t\t<\/div>\n\t\t\t\t\t\t<\/div>\n\t\t\t\t<\/div>\n\t\t\t\t<div class=\"elementor-element elementor-element-57727c05 elementor-widget elementor-widget-heading\" data-id=\"57727c05\" data-element_type=\"widget\" data-e-type=\"widget\" data-widget_type=\"heading.default\">\n\t\t\t\t<div class=\"elementor-widget-container\">\n\t\t\t\t\t<h2 class=\"elementor-heading-title elementor-size-default\">Otisk<\/h2>\t\t\t\t<\/div>\n\t\t\t\t<\/div>\n\t\t\t\t<div class=\"elementor-element elementor-element-f4bb95c elementor-widget elementor-widget-spacer\" data-id=\"f4bb95c\" data-element_type=\"widget\" data-e-type=\"widget\" data-widget_type=\"spacer.default\">\n\t\t\t\t<div class=\"elementor-widget-container\">\n\t\t\t\t\t\t\t<div class=\"elementor-spacer\">\n\t\t\t<div class=\"elementor-spacer-inner\"><\/div>\n\t\t<\/div>\n\t\t\t\t\t\t<\/div>\n\t\t\t\t<\/div>\n\t\t\t\t<div class=\"elementor-element elementor-element-65450b90 elementor-widget elementor-widget-text-editor\" data-id=\"65450b90\" data-element_type=\"widget\" data-e-type=\"widget\" data-widget_type=\"text-editor.default\">\n\t\t\t\t<div class=\"elementor-widget-container\">\n\t\t\t\t\t\t\t\t\t<p>Hausschachen GmbH<br \/>Na ho\u0159e 391<br \/>3970 Weitra<br \/>Rakousko<\/p>\t\t\t\t\t\t\t\t<\/div>\n\t\t\t\t<\/div>\n\t\t\t\t<div class=\"elementor-element elementor-element-fb54291 elementor-widget elementor-widget-text-editor\" data-id=\"fb54291\" data-element_type=\"widget\" data-e-type=\"widget\" data-widget_type=\"text-editor.default\">\n\t\t\t\t<div class=\"elementor-widget-container\">\n\t\t\t\t\t\t\t\t\t<p>Registra\u010dn\u00ed \u010d\u00edslo spole\u010dnosti: FN 139747 k<br \/>\u010c\u00edslo UID: ATU42290105<\/p>\t\t\t\t\t\t\t\t<\/div>\n\t\t\t\t<\/div>\n\t\t\t\t<div class=\"elementor-element elementor-element-2b7f107 elementor-widget elementor-widget-text-editor\" data-id=\"2b7f107\" data-element_type=\"widget\" data-e-type=\"widget\" data-widget_type=\"text-editor.default\">\n\t\t\t\t<div class=\"elementor-widget-container\">\n\t\t\t\t\t\t\t\t\t<p>Akcion\u00e1\u0159 | Gerhard Seidl<br \/>V\u00fdkonn\u00fd \u0159editel | Bernd Artner<\/p>\t\t\t\t\t\t\t\t<\/div>\n\t\t\t\t<\/div>\n\t\t\t\t<div class=\"elementor-element elementor-element-eff2658 elementor-widget elementor-widget-spacer\" data-id=\"eff2658\" data-element_type=\"widget\" data-e-type=\"widget\" data-widget_type=\"spacer.default\">\n\t\t\t\t<div class=\"elementor-widget-container\">\n\t\t\t\t\t\t\t<div class=\"elementor-spacer\">\n\t\t\t<div class=\"elementor-spacer-inner\"><\/div>\n\t\t<\/div>\n\t\t\t\t\t\t<\/div>\n\t\t\t\t<\/div>\n\t\t\t\t<div class=\"elementor-element elementor-element-90c5dd0 elementor-widget elementor-widget-heading\" data-id=\"90c5dd0\" data-element_type=\"widget\" data-e-type=\"widget\" data-widget_type=\"heading.default\">\n\t\t\t\t<div class=\"elementor-widget-container\">\n\t\t\t\t\t<h2 class=\"elementor-heading-title elementor-size-default\">Z\u0159eknut\u00ed se odpov\u011bdnosti \/ Upozorn\u011bn\u00ed pro u\u017eivatele<\/h2>\t\t\t\t<\/div>\n\t\t\t\t<\/div>\n\t\t\t\t<div class=\"elementor-element elementor-element-5b954ad elementor-widget elementor-widget-text-editor\" data-id=\"5b954ad\" data-element_type=\"widget\" data-e-type=\"widget\" data-widget_type=\"text-editor.default\">\n\t\t\t\t<div class=\"elementor-widget-container\">\n\t\t\t\t\t\t\t\t\t<p>Informace uveden\u00e9 na t\u011bchto webov\u00fdch str\u00e1nk\u00e1ch jsou obecn\u00e9 povahy. Jejich pou\u017eitelnost se m\u016f\u017ee li\u0161it v z\u00e1vislosti na konkr\u00e9tn\u00edch okolnostech. Vzhledem k rozs\u00e1hl\u00fdm podrobn\u00fdm ustanoven\u00edm se v prezentovan\u00fdch informac\u00edch mohou vyskytnout zpo\u017ed\u011bn\u00ed, opomenut\u00ed nebo nep\u0159esnosti.<\/p><p>Tento obsah nen\u00ed ur\u010den ani vhodn\u00fd jako n\u00e1hrada individu\u00e1ln\u00edho poradenstv\u00ed odborn\u00edk\u016f s p\u0159ihl\u00e9dnut\u00edm k okolnostem ka\u017ed\u00e9ho jednotliv\u00e9ho p\u0159\u00edpadu.<\/p><p>I p\u0159es maxim\u00e1ln\u00ed p\u00e9\u010di, kterou jsme v\u011bnovali sestaven\u00ed obsahu, nep\u0159eb\u00edr\u00e1me \u017e\u00e1dnou odpov\u011bdnost - bez ohledu na pr\u00e1vn\u00ed z\u00e1klad - za p\u0159esnost, aktu\u00e1lnost a \u00faplnost poskytnut\u00fdch informac\u00ed.<\/p><p>Nep\u0159eb\u00edr\u00e1me tak\u00e9 \u017e\u00e1dnou odpov\u011bdnost za obsah extern\u00edch webov\u00fdch str\u00e1nek, na kter\u00e9 lze p\u0159ej\u00edt prost\u0159ednictv\u00edm odkaz\u016f z t\u011bchto webov\u00fdch str\u00e1nek.<\/p>\t\t\t\t\t\t\t\t<\/div>\n\t\t\t\t<\/div>\n\t\t\t\t<div class=\"elementor-element elementor-element-6174e38 elementor-widget elementor-widget-heading\" data-id=\"6174e38\" data-element_type=\"widget\" data-e-type=\"widget\" data-widget_type=\"heading.default\">\n\t\t\t\t<div class=\"elementor-widget-container\">\n\t\t\t\t\t<h2 class=\"elementor-heading-title elementor-size-default\">Webmaster<\/h2>\t\t\t\t<\/div>\n\t\t\t\t<\/div>\n\t\t\t\t<div class=\"elementor-element elementor-element-d6ac872 elementor-widget elementor-widget-text-editor\" data-id=\"d6ac872\" data-element_type=\"widget\" data-e-type=\"widget\" data-widget_type=\"text-editor.default\">\n\t\t\t\t<div class=\"elementor-widget-container\">\n\t\t\t\t\t\t\t\t\t<p><strong><a href=\"http:\/\/www.pan1610.at\">Philip Anderl | PAN1610 Media Studio<\/a><\/strong><\/p>\t\t\t\t\t\t\t\t<\/div>\n\t\t\t\t<\/div>\n\t\t\t\t<div class=\"elementor-element elementor-element-71b2f19 elementor-widget elementor-widget-heading\" data-id=\"71b2f19\" data-element_type=\"widget\" data-e-type=\"widget\" data-widget_type=\"heading.default\">\n\t\t\t\t<div class=\"elementor-widget-container\">\n\t\t\t\t\t<h2 class=\"elementor-heading-title elementor-size-default\">Zdroje obr\u00e1zk\u016f<\/h2>\t\t\t\t<\/div>\n\t\t\t\t<\/div>\n\t\t\t\t<div class=\"elementor-element elementor-element-f33a409 elementor-widget elementor-widget-text-editor\" data-id=\"f33a409\" data-element_type=\"widget\" data-e-type=\"widget\" data-widget_type=\"text-editor.default\">\n\t\t\t\t<div class=\"elementor-widget-container\">\n\t\t\t\t\t\t\t\t\t<p>Atlas Doln\u00edho Rakouska (zdroj dat: basemap.at)<br \/>Waldviertel Turistika<br \/>Philip Anderl<br \/>Michael Holzweber<br \/>Adobe Stock<\/p>\t\t\t\t\t\t\t\t<\/div>\n\t\t\t\t<\/div>\n\t\t\t\t<div class=\"elementor-element elementor-element-f919335 elementor-widget elementor-widget-spacer\" data-id=\"f919335\" data-element_type=\"widget\" data-e-type=\"widget\" data-widget_type=\"spacer.default\">\n\t\t\t\t<div class=\"elementor-widget-container\">\n\t\t\t\t\t\t\t<div class=\"elementor-spacer\">\n\t\t\t<div class=\"elementor-spacer-inner\"><\/div>\n\t\t<\/div>\n\t\t\t\t\t\t<\/div>\n\t\t\t\t<\/div>\n\t\t\t\t\t<\/div>\n\t\t<\/div>\n\t\t\t\t\t<\/div>\n\t\t<\/section>\n\t\t\t\t<\/div>","protected":false},"excerpt":{"rendered":"<p>Impressum Hausschachen GmbHAm Berg 3913970 Weitra\u00d6sterreich Firmenbuchnummer: FN 139747 kUID-Nummer: ATU42290105 Anteilseigner | Gerhard SeidlGesch\u00e4ftsf\u00fchrer | Bernd Artner Haftungsausschluss \/ Benutzerhinweis Die auf dieser Website bereitgestellten Informationen sind allgemeiner Natur. Ihre Anwendbarkeit kann je nach den individuellen Umst\u00e4nden variieren. Aufgrund der umfangreichen Detailbestimmungen k\u00f6nnen Verz\u00f6gerungen, Auslassungen oder Ungenauigkeiten in den dargestellten Informationen auftreten. Diese Inhalte [&hellip;]<\/p>\n","protected":false},"author":1,"featured_media":0,"parent":0,"menu_order":0,"comment_status":"closed","ping_status":"closed","template":"elementor_header_footer","meta":{"footnotes":""},"class_list":["post-213","page","type-page","status-publish","hentry"],"_links":{"self":[{"href":"https:\/\/hausschachen.at\/cs_cz\/wp-json\/wp\/v2\/pages\/213","targetHints":{"allow":["GET"]}}],"collection":[{"href":"https:\/\/hausschachen.at\/cs_cz\/wp-json\/wp\/v2\/pages"}],"about":[{"href":"https:\/\/hausschachen.at\/cs_cz\/wp-json\/wp\/v2\/types\/page"}],"author":[{"embeddable":true,"href":"https:\/\/hausschachen.at\/cs_cz\/wp-json\/wp\/v2\/users\/1"}],"replies":[{"embeddable":true,"href":"https:\/\/hausschachen.at\/cs_cz\/wp-json\/wp\/v2\/comments?post=213"}],"version-history":[{"count":20,"href":"https:\/\/hausschachen.at\/cs_cz\/wp-json\/wp\/v2\/pages\/213\/revisions"}],"predecessor-version":[{"id":2143,"href":"https:\/\/hausschachen.at\/cs_cz\/wp-json\/wp\/v2\/pages\/213\/revisions\/2143"}],"wp:attachment":[{"href":"https:\/\/hausschachen.at\/cs_cz\/wp-json\/wp\/v2\/media?parent=213"}],"curies":[{"name":"wp","href":"https:\/\/api.w.org\/{rel}","templated":true}]}}