{"id":1942,"date":"2025-02-20T01:24:09","date_gmt":"2025-02-20T00:24:09","guid":{"rendered":"https:\/\/hausschachen.at\/?page_id=1942"},"modified":"2025-02-27T19:31:03","modified_gmt":"2025-02-27T18:31:03","slug":"danke-newsletter","status":"publish","type":"page","link":"https:\/\/hausschachen.at\/cs_cz\/danke-newsletter\/","title":{"rendered":"D\u011aKUJEME Newsletter"},"content":{"rendered":"<div data-elementor-type=\"wp-page\" data-elementor-id=\"1942\" class=\"elementor elementor-1942\" data-elementor-post-type=\"page\">\n\t\t\t\t\t\t<section class=\"elementor-section elementor-top-section elementor-element elementor-element-e9482ee elementor-section-boxed elementor-section-height-default elementor-section-height-default\" data-id=\"e9482ee\" data-element_type=\"section\" data-e-type=\"section\">\n\t\t\t\t\t\t<div class=\"elementor-container elementor-column-gap-default\">\n\t\t\t\t\t<div class=\"elementor-column elementor-col-100 elementor-top-column elementor-element elementor-element-752e8f1\" data-id=\"752e8f1\" data-element_type=\"column\" data-e-type=\"column\">\n\t\t\t<div class=\"elementor-widget-wrap elementor-element-populated\">\n\t\t\t\t\t\t<div class=\"elementor-element elementor-element-8054334 elementor-widget elementor-widget-heading\" data-id=\"8054334\" data-element_type=\"widget\" data-e-type=\"widget\" data-widget_type=\"heading.default\">\n\t\t\t\t<div class=\"elementor-widget-container\">\n\t\t\t\t\t<h2 class=\"elementor-heading-title elementor-size-default\">D\u011bkuji<\/h2>\t\t\t\t<\/div>\n\t\t\t\t<\/div>\n\t\t\t\t<div class=\"elementor-element elementor-element-1c26ced elementor-widget elementor-widget-text-editor\" data-id=\"1c26ced\" data-element_type=\"widget\" data-e-type=\"widget\" data-widget_type=\"text-editor.default\">\n\t\t\t\t<div class=\"elementor-widget-container\">\n\t\t\t\t\t\t\t\t\t<p>B\u011bhem n\u00e1sleduj\u00edc\u00edch 5 minut obdr\u017e\u00edte potvrzovac\u00ed e-mail. Potvr\u010fte pros\u00edm svou registraci, abyste od n\u00e1s pravideln\u011b dost\u00e1vali zaj\u00edmav\u00e9 aktualizace, exkluzivn\u00ed nab\u00eddky a novinky. V p\u0159\u00edpad\u011b jak\u00fdchkoli dotaz\u016f jsme v\u00e1m v\u017edy k dispozici.<\/p>\t\t\t\t\t\t\t\t<\/div>\n\t\t\t\t<\/div>\n\t\t\t\t\t<\/div>\n\t\t<\/div>\n\t\t\t\t\t<\/div>\n\t\t<\/section>\n\t\t\t\t<\/div>","protected":false},"excerpt":{"rendered":"<p>D\u011bkujeme B\u011bhem n\u00e1sleduj\u00edc\u00edch 5 minut obdr\u017e\u00edte potvrzovac\u00ed e-mail. Potvr\u010fte pros\u00edm svou registraci, abyste od n\u00e1s pravideln\u011b dost\u00e1vali zaj\u00edmav\u00e9 aktualizace, exkluzivn\u00ed nab\u00eddky a novinky. V p\u0159\u00edpad\u011b jak\u00fdchkoli dotaz\u016f n\u00e1s nev\u00e1hejte kontaktovat.<\/p>","protected":false},"author":1,"featured_media":0,"parent":0,"menu_order":0,"comment_status":"closed","ping_status":"closed","template":"elementor_header_footer","meta":{"footnotes":""},"class_list":["post-1942","page","type-page","status-publish","hentry"],"_links":{"self":[{"href":"https:\/\/hausschachen.at\/cs_cz\/wp-json\/wp\/v2\/pages\/1942","targetHints":{"allow":["GET"]}}],"collection":[{"href":"https:\/\/hausschachen.at\/cs_cz\/wp-json\/wp\/v2\/pages"}],"about":[{"href":"https:\/\/hausschachen.at\/cs_cz\/wp-json\/wp\/v2\/types\/page"}],"author":[{"embeddable":true,"href":"https:\/\/hausschachen.at\/cs_cz\/wp-json\/wp\/v2\/users\/1"}],"replies":[{"embeddable":true,"href":"https:\/\/hausschachen.at\/cs_cz\/wp-json\/wp\/v2\/comments?post=1942"}],"version-history":[{"count":7,"href":"https:\/\/hausschachen.at\/cs_cz\/wp-json\/wp\/v2\/pages\/1942\/revisions"}],"predecessor-version":[{"id":2040,"href":"https:\/\/hausschachen.at\/cs_cz\/wp-json\/wp\/v2\/pages\/1942\/revisions\/2040"}],"wp:attachment":[{"href":"https:\/\/hausschachen.at\/cs_cz\/wp-json\/wp\/v2\/media?parent=1942"}],"curies":[{"name":"wp","href":"https:\/\/api.w.org\/{rel}","templated":true}]}}